{"id":9037,"date":"2022-11-15T20:22:09","date_gmt":"2022-11-15T19:22:09","guid":{"rendered":"https:\/\/www.aitertc.it\/web\/?page_id=9037"},"modified":"2024-06-12T06:12:03","modified_gmt":"2024-06-12T05:12:03","slug":"privacy_policy","status":"publish","type":"page","link":"https:\/\/www.aitertc.it\/web\/privacy_policy\/","title":{"rendered":"Privacy Policy"},"content":{"rendered":"\t\t<div data-elementor-type=\"wp-page\" data-elementor-id=\"9037\" class=\"elementor elementor-9037\" data-elementor-post-type=\"page\">\n\t\t\t\t\t\t<section class=\"elementor-section elementor-top-section elementor-element elementor-element-2f66e82 elementor-section-boxed elementor-section-height-default elementor-section-height-default\" data-id=\"2f66e82\" data-element_type=\"section\" data-e-type=\"section\">\n\t\t\t\t\t\t<div class=\"elementor-container elementor-column-gap-default\">\n\t\t\t\t\t<div class=\"elementor-column elementor-col-100 elementor-top-column elementor-element elementor-element-41b1cd2\" data-id=\"41b1cd2\" data-element_type=\"column\" data-e-type=\"column\">\n\t\t\t<div class=\"elementor-widget-wrap elementor-element-populated\">\n\t\t\t\t\t\t<div class=\"elementor-element elementor-element-140a0ef elementor-widget elementor-widget-heading\" data-id=\"140a0ef\" data-element_type=\"widget\" data-e-type=\"widget\" data-widget_type=\"heading.default\">\n\t\t\t\t<div class=\"elementor-widget-container\">\n\t\t\t\t\t<h3 class=\"elementor-heading-title elementor-size-default\">Informativa sul trattamento dei dati personali ai sensi degli artt. 13-14 Reg.to UE 2016\/679<\/h3>\t\t\t\t<\/div>\n\t\t\t\t<\/div>\n\t\t\t\t<div class=\"elementor-element elementor-element-5d12c70 elementor-widget elementor-widget-spacer\" data-id=\"5d12c70\" data-element_type=\"widget\" data-e-type=\"widget\" data-widget_type=\"spacer.default\">\n\t\t\t\t<div class=\"elementor-widget-container\">\n\t\t\t\t\t\t\t<div class=\"elementor-spacer\">\n\t\t\t<div class=\"elementor-spacer-inner\"><\/div>\n\t\t<\/div>\n\t\t\t\t\t\t<\/div>\n\t\t\t\t<\/div>\n\t\t\t\t<div class=\"elementor-element elementor-element-6c18049 elementor-widget elementor-widget-text-editor\" data-id=\"6c18049\" data-element_type=\"widget\" data-e-type=\"widget\" data-widget_type=\"text-editor.default\">\n\t\t\t\t<div class=\"elementor-widget-container\">\n\t\t\t\t\t\t\t\t\t<p>AITeRTC, Associazione Italiana Tecnici di Radiologia in Tomografia Computerizzata, composta da TSRM (Tecnici Sanitari di Radiologia Medica), riconosciuta dalla Federazione Nazionale Ordini dei Tecnici Sanitari di Radiologia Medica e Professioni Sanitarie Tecniche, della Riabilitazione e della Prevenzione (FNO TSRM-PSTRP) e dalla Federazione delle Associazioni Scientifiche dei Tecnici di Radiologia (FASTeR ) quale associazione di riferimento nazionale per la metodica radiologica della TC, nella qualit\u00e0 di Titolare del trattamento dei Suoi dati personali, ai sensi degli artt. 13-14 Regolamento UE 2016\/679, di seguito \u2018GDPR\u2019, con la presente La informa che i dati personali, comuni e particolari, volontariamente forniti, saranno oggetto di trattamento improntato ai principi di correttezza, liceit\u00e0, trasparenza, tutela della riservatezza nonch\u00e9 dei diritti, nel pieno rispetto della vigente normativa in materia di protezione dei dati personali.<\/p><h5>\u00a0<\/h5><h5><span style=\"text-decoration: underline;\"><strong>1. Finalit\u00e0 e base giuridica del trattamento<\/strong><\/span><\/h5><p>I Suoi dati saranno utilizzati per le seguenti finalit\u00e0 relative all\u2019esecuzione delle attivit\u00e0 e degli obblighi di legge, connesse all\u2019interesse e lo spirito dell\u2019Associazione e volti a perseguire gli obiettivi dello Statuto:<\/p><ul><li>Gestione delle richieste di adesione all\u2019Associazione<\/li><li>Formazione e convegni<\/li><li>Attivit\u00e0 di promozione e divulgazione scientifica<\/li><li>Iscrizione gratuita al servizio di Newsletter per essere costantemente aggiornati e attivamente coinvolti nelle iniziative di AITeRTC<\/li><\/ul><p>I Suoi dati personali potranno inoltre, previo specifica richiesta di consenso, essere utilizzati per le seguenti finalit\u00e0:<\/p><ul><li>soddisfare indagini di settore, statistiche e per attivit\u00e0 promozionali e divulgative proprie dello spirito dell\u2019Associazione<\/li><li>migliorare la gestione dell\u2019Associazione per perseguire gli obiettivi dello Statuto<\/li><\/ul><table width=\"653\"><tbody><tr><td width=\"170\"><p><strong>Finalit\u00e0<\/strong><\/p><\/td><td width=\"217\"><p><strong>Base giuridica<\/strong><\/p><\/td><td width=\"267\"><p><strong>Tempo conservazione<\/strong><\/p><\/td><\/tr><tr><td width=\"170\"><p>Offerta di funzionalit\u00e0 relative alla navigazione del Sito, all\u2019accesso alle sue pagine ed alle informazioni contenute.<\/p><\/td><td width=\"217\"><p>Il trattamento \u00e8 necessario per l\u2019adempimento di attivit\u00e0 precontrattuali e\/o correlate ad un successivo contratto.<\/p><\/td><td width=\"267\"><p>Per il solo periodo di permanenza e\/o interazione con il Sito, e sino al termine di conservazione dei cookie tecnici implementati.<\/p><\/td><\/tr><tr><td width=\"170\"><p>Riscontro a richieste di contatto o di informazioni inviate tramite le funzionalit\u00e0 del Sito.<\/p><\/td><td width=\"217\"><p>Il trattamento \u00e8 basato sull\u2019esercizio del legittimo interesse del Titolare, finalizzato a mantenere i rapporti con l\u2019interessato.<\/p><\/td><td width=\"267\"><p>Per un massimo di 5 anni dal termine dell\u2019interazione con l\u2019interessato, salvo ulteriori necessit\u00e0.<\/p><\/td><\/tr><tr><td width=\"170\"><p>Attivit\u00e0 di comunicazione, promozione e contatto con l\u2019interessato per finalit\u00e0 legate allo spirito di ricerca sviluppo e divulgazione dell\u2019associazione.<\/p><p>Invio di comunicazioni periodiche in merito alle attivit\u00e0 statutarie<\/p><\/td><td width=\"217\"><p>Il trattamento \u00e8 basato sul consenso dell&#8217;interessato.<\/p><\/td><td width=\"267\"><p>Sino al ritiro del consenso, entro i tempi tecnici di interruzione delle attivit\u00e0 in corso a seguito di comunicazione da parte dell\u2019interessato.<\/p><p>\u00c8 comunque sempre possibile esercitare i diritti previsti dall&#8217;art. 15 del regolamento n. 679\/2016\/CE e s.m.i.: consultare e modificare i dati, opporsi al loro utilizzo, conoscere l&#8217;elenco dei co-responsabili del trattamento.<\/p><p>Annullare l\u2019iscrizione in qualsiasi momento attraverso i collegamenti predisposti sul form di adesione.<\/p><\/td><\/tr><tr><td width=\"170\"><p>\u00a0Riscontro a richieste avanzate da Enti pubblici, Autorit\u00e0 amministrative, giurisdizionali o di pubblica sicurezza.<\/p><\/td><td width=\"217\"><p>Il trattamento \u00e8 necessario per adempiere ad obblighi legali ai quali il Titolare \u00e8 soggetto.<\/p><\/td><td width=\"267\"><p>Per un massimo di 10 anni dall\u2019interazione con l\u2019interessato, salvo diverso periodo previsto dalla normativa vigente.<\/p><\/td><\/tr><\/tbody><\/table><h5>\u00a0<\/h5><h5><span style=\"text-decoration: underline;\"><strong>2. Modalit\u00e0 del trattamento<\/strong><\/span><\/h5><p>I suoi dati personali potranno essere trattati nei seguenti modi:<br \/>&#8211; con utilizzo di sistemi software gestiti da Terzi;<br \/>&#8211; con utilizzo di sistemi software gestiti o programmati direttamente;<br \/>&#8211; affidamento a terzi di operazioni di elaborazione;<br \/>&#8211; elaborazione di dati raccolti da terzi;<br \/>&#8211; raccolta di dati in luoghi pubblici o aperti al pubblico;<br \/>&#8211; raccolta di dati tramite sondaggi, schede e questionari;<br \/>&#8211; trattamento manuale a mezzo di archivi cartacei.<br \/>&#8211; proposizione di formazione on demand, on line e on site<br \/>&#8211; inviti, promozioni e partecipazione a convegni e ogni altro evento a carattere divulgativo di ricerca e scientifico.<\/p><p>Ogni trattamento avviene nel rispetto delle modalit\u00e0 di cui agli artt. 6, 32 del GDPR e mediante l\u2019adozione delle adeguate misure di sicurezza previste.<\/p><p>I suoi dati saranno trattati unicamente da personale espressamente autorizzato dal Titolare.<\/p><h5>\u00a0<\/h5><h5><span style=\"text-decoration: underline;\"><strong>3. Comunicazione<\/strong><\/span><\/h5><p>I suoi dati potranno essere comunicati a soggetti esterni per una corretta gestione del rapporto ed in particolare alle seguenti categorie di Destinatari, tra cui tutti i Responsabili del Trattamento debitamente nominati:<br \/>&#8211; associazioni di categoria<br \/>&#8211; consulenti e liberi professionisti, anche in forma associata;<br \/>&#8211; intermediari;<br \/>&#8211; piattaforme di gestione contatti ricevuti a mezzo form sul sito Internet;<br \/>&#8211; piattaforme di gestione invio Newsletter;<br \/>&#8211; subfornitori;<br \/>&#8211; enti pubblici;<br \/>&#8211; enti di formazione;<br \/>&#8211; piattaforme di gestione eventi, convegni e formazione on demand e on line.<\/p><p><strong>Soggetti terzi che potrebbero venire a conoscenza dei dati <\/strong><\/p><p>I dati personali forniti potranno essere comunicati a soggetti pubblici, istituzionali o professionali abilitati per legge a richiederne l\u2019acquisizione nonch\u00e9, esclusivamente per le finalit\u00e0 previste dalla legge o specifiche esigenze statutarie, a societ\u00e0 terze o professionisti che garantiscono il rispetto della normativa vigente in materia di data protection, e nello specifico:<\/p><p><strong>Categorie di soggetti terzi a cui potranno essere comunicati i dati o parte dei dati<\/strong><\/p><ul><li>Consulenti e professionisti anche in forma associata<\/li><li>Banche<\/li><li>Associazioni (di categoria, scientifiche, di ricerca, di formazione accreditata, etc\u2026)<\/li><li>Enti pubblici (comunicazione di leggi agli enti preposti: Agenzia delle Entrate, Ministero della Salute, Ordini Professionali, etc.\u2026)<\/li><\/ul><h5>\u00a0<\/h5><h5><span style=\"text-decoration: underline;\"><strong>4. Diffusione<\/strong><\/span><\/h5><p>I suoi dati personali non verranno diffusi in alcun modo, se non lecitamente previsto per legge o a seguito di consenso.<br \/>I suoi dati personali non potranno inoltre essere trasferiti, in stati extra EU.<\/p><h5>\u00a0<\/h5><h5><span style=\"text-decoration: underline;\"><strong>5. Periodo di Conservazione<\/strong><\/span><\/h5><p>Nel rispetto dei principi di liceit\u00e0, limitazione delle finalit\u00e0 e minimizzazione dei dati, ai sensi dell\u2019art. 5 del GDPR, il periodo di conservazione dei Suoi dati personali \u00e8:<\/p><ul><li>stabilito per un arco di tempo non superiore al conseguimento delle finalit\u00e0 per le quali sono raccolti e trattati per l\u2019esecuzione e l\u2019espletamento delle finalit\u00e0 contrattuali;<\/li><li>stabilito per un arco di tempo non superiore all\u2019espletamento dei servizi erogati;<\/li><li>stabilito per un arco di tempo non superiore al conseguimento delle finalit\u00e0 per le quali sono raccolti e trattati e nel rispetto dei tempi obbligatori prescritti dalla legge.<\/li><\/ul><p>I dati personali acquisiti per le finalit\u00e0 sopra indicate saranno trattati per il tempo necessario al perseguimento degli scopi previste dallo Statuto e dalla legge, come sopra riportato.<\/p><p>Decorso tale periodo i dati verranno cancellati e\/o distrutti ovvero potranno essere eventualmente archiviati in forma anonima per meri fini statistici, cos\u00ec come disposto dalla vigente normativa.<\/p><h5>\u00a0<\/h5><h5><strong><span style=\"text-decoration: underline;\">6. Diritti dell\u2019interessato<\/span><\/strong><\/h5><p>1. Lei ha diritto ha diritto di ottenere la conferma dell\u2019esistenza o meno di dati personali che lo riguardano, anche se non ancora registrati, la loro comunicazione in forma intelligibile e la possibilit\u00e0 di effettuare reclamo presso l\u2019Autorit\u00e0 di controllo e di ottenere dal Titolare la cancellazione (diritto all\u2019oblio), la limitazione, l\u2019aggiornamento, la rettificazione, la portabilit\u00e0, l\u2019opposizione al trattamento dei dati personali che La riguardano e ogni altro diritto accessorio derivante dagli artt. 15, 16, 17, 18, 19, 20, 21, 22 del GDPR, secondo quanto di seguito indicato;<\/p><p>2. In qualit\u00e0 di Interessato ha anche diritto di ottenere l\u2019indicazione:<\/p><p>a. dell\u2019origine dei dati personali;<br \/>b. delle finalit\u00e0 e modalit\u00e0 del trattamento;<br \/>c. della logica applicata in caso di trattamento effettuato con l\u2019ausilio di strumenti elettronici;<br \/>d. degli estremi identificativi del titolare, dei responsabili e del rappresentante designato ai sensi dell\u2019articolo 5, comma 2;<br \/>e. dei soggetti o delle categorie di soggetti ai quali i dati personali possono essere comunicati o che possono venirne a conoscenza in qualit\u00e0 di rappresentante designato nel territorio dello Stato, di responsabili o incaricati.<\/p><p>3. L\u2019interessato ha diritto di ottenere:<\/p><p>a. l\u2019aggiornamento, la rettificazione ovvero, quando vi ha interesse, l\u2019integrazione dei dati;<br \/>b. la cancellazione, la trasformazione in forma anonima o il blocco dei dati trattati in violazione di legge, compresi quelli di cui non \u00e8 necessaria la conservazione in relazione agli scopi per i quali i dati sono stati raccolti o successivamente trattati;<br \/>c. l\u2019attestazione che le operazioni di cui alle lettere a) e b) sono state portate a conoscenza, anche per quanto riguarda il loro contenuto, di coloro ai quali i dati sono stati comunicati o diffusi, eccettuato il caso in cui tale adempimento si rivela impossibile o comporta un impiego di mezzi manifestamente sproporzionato rispetto al diritto tutelato;<br \/>d. la portabilit\u00e0 dei dati.<\/p><p>4. L\u2019interessato ha diritto di opporsi, in tutto o in parte:<br \/>a. per motivi legittimi al trattamento dei dati personali che lo riguardano, ancorch\u00e9 pertinenti allo scopo della raccolta;<br \/>b. al trattamento di dati personali che lo riguardano a fini di invio di materiale pubblicitario o di vendita diretta o per il compimento di ricerche di mercato o di comunicazione commerciale.<\/p><h5>\u00a0<\/h5><h5><span style=\"text-decoration: underline;\"><strong>7. Categorie di soggetti che trattano dati personali<\/strong><\/span><\/h5><p>Nei limiti degli obblighi, dei compiti o delle finalit\u00e0 sopra indicati, i suoi dati personali potranno essere trattati, messi a disposizione e\/o comunicati a:<\/p><p>\u2022 dipendenti e\/o collaboratori del Titolare;<br \/>\u2022 soggetti terzi nominati quali Co-Responsabili (in particolare, fornitori di beni o servizi), inclusi loro dipendenti e\/o collaboratori;<br \/>\u2022 Autorit\u00e0 giurisdizionali, amministrative e\/o di pubblica sicurezza, in conformit\u00e0 a disposizioni normative.<br \/>L\u2019elenco completo dei Responsabili e delle altre terze parti pu\u00f2 essere richiesto al Titolare in ogni momento, inviando una mail a: aitertc@aitertc.it oppure scrivendo a: Associazione Italiana Tecnici di Radiologia in Tomografia Computerizzata, via Martiri della Liberazione, 34\/A 43126 Parma (PR).<\/p><h5>\u00a0<\/h5><h5><span style=\"text-decoration: underline;\"><strong>8. Titolare del trattamento dei dati<\/strong><\/span><\/h5><p>il Titolare del trattamento dei dati, ai sensi della Legge, \u00e8 AITeRTC, Associazione Italiana Tecnici di Radiologia in Tomografia Computerizzata, nella persona del suo legale rappresentante pro tempore.<br \/>Per ogni informazione potete scrivere a <a href=\"mailto:dpo@aitertc.it\">dpo@aitertc.it<\/a><\/p><p>\u00a0<\/p><p>Ultimo aggiornamento 11\/06\/2024<\/p>\t\t\t\t\t\t\t\t<\/div>\n\t\t\t\t<\/div>\n\t\t\t\t\t<\/div>\n\t\t<\/div>\n\t\t\t\t\t<\/div>\n\t\t<\/section>\n\t\t\t\t<\/div>\n\t\t","protected":false},"excerpt":{"rendered":"<p>Informativa sul trattamento dei dati personali ai sensi degli artt. 13-14 Reg.to UE 2016\/679 AITeRTC, Associazione Italiana Tecnici di Radiologia in Tomografia Computerizzata, composta da TSRM (Tecnici Sanitari di Radiologia&hellip;<\/p>\n","protected":false},"author":3,"featured_media":0,"parent":0,"menu_order":0,"comment_status":"closed","ping_status":"closed","template":"","meta":{"footnotes":""},"class_list":["post-9037","page","type-page","status-publish","hentry"],"_links":{"self":[{"href":"https:\/\/www.aitertc.it\/web\/wp-json\/wp\/v2\/pages\/9037","targetHints":{"allow":["GET"]}}],"collection":[{"href":"https:\/\/www.aitertc.it\/web\/wp-json\/wp\/v2\/pages"}],"about":[{"href":"https:\/\/www.aitertc.it\/web\/wp-json\/wp\/v2\/types\/page"}],"author":[{"embeddable":true,"href":"https:\/\/www.aitertc.it\/web\/wp-json\/wp\/v2\/users\/3"}],"replies":[{"embeddable":true,"href":"https:\/\/www.aitertc.it\/web\/wp-json\/wp\/v2\/comments?post=9037"}],"version-history":[{"count":60,"href":"https:\/\/www.aitertc.it\/web\/wp-json\/wp\/v2\/pages\/9037\/revisions"}],"predecessor-version":[{"id":15877,"href":"https:\/\/www.aitertc.it\/web\/wp-json\/wp\/v2\/pages\/9037\/revisions\/15877"}],"wp:attachment":[{"href":"https:\/\/www.aitertc.it\/web\/wp-json\/wp\/v2\/media?parent=9037"}],"curies":[{"name":"wp","href":"https:\/\/api.w.org\/{rel}","templated":true}]}}